{"id":117,"date":"2020-07-23T07:15:19","date_gmt":"2020-07-23T07:15:19","guid":{"rendered":"https:\/\/wpthemes.themehunk.com\/topstore\/product\/import-placeholder-for-40\/"},"modified":"2024-02-08T19:59:10","modified_gmt":"2024-02-08T18:59:10","slug":"calcetines-de-navidad-para-perros-diseno-rojo","status":"publish","type":"product","link":"https:\/\/yeyepets.com\/index.php\/producto\/calcetines-de-navidad-para-perros-diseno-rojo\/","title":{"rendered":"Calcetines de navidad para perros"},"content":{"rendered":"<h4 style=\"text-align: center;\">Calcetines navide\u00f1os para perro, hacen que tu perro se vea m\u00e1s ambiente navide\u00f1o. Los calcetines para perros pueden proteger los pies del perro de ensuciarse.Estos calcetines para perros tienen un dise\u00f1o antideslizante, por lo que son m\u00e1s seguros para los perros.F\u00e1cil de poner y quitar, mantiene las patas de las mascotas limpias.Regalos de Navidad para tu perro, una buena opci\u00f3n para regalos de mascotas.<\/h4>\n","protected":false},"excerpt":{"rendered":"<h4 style=\"text-align: center;\">4 medias de navidad para perros<\/h4>\n","protected":false},"featured_media":438,"comment_status":"open","ping_status":"closed","template":"","meta":[],"product_cat":[18,36],"product_tag":[17],"_links":{"self":[{"href":"https:\/\/yeyepets.com\/index.php\/wp-json\/wp\/v2\/product\/117"}],"collection":[{"href":"https:\/\/yeyepets.com\/index.php\/wp-json\/wp\/v2\/product"}],"about":[{"href":"https:\/\/yeyepets.com\/index.php\/wp-json\/wp\/v2\/types\/product"}],"replies":[{"embeddable":true,"href":"https:\/\/yeyepets.com\/index.php\/wp-json\/wp\/v2\/comments?post=117"}],"wp:featuredmedia":[{"embeddable":true,"href":"https:\/\/yeyepets.com\/index.php\/wp-json\/wp\/v2\/media\/438"}],"wp:attachment":[{"href":"https:\/\/yeyepets.com\/index.php\/wp-json\/wp\/v2\/media?parent=117"}],"wp:term":[{"taxonomy":"product_cat","embeddable":true,"href":"https:\/\/yeyepets.com\/index.php\/wp-json\/wp\/v2\/product_cat?post=117"},{"taxonomy":"product_tag","embeddable":true,"href":"https:\/\/yeyepets.com\/index.php\/wp-json\/wp\/v2\/product_tag?post=117"}],"curies":[{"name":"wp","href":"https:\/\/api.w.org\/{rel}","templated":true}]}}