{"id":125,"date":"2020-07-23T07:15:20","date_gmt":"2020-07-23T07:15:20","guid":{"rendered":"https:\/\/wpthemes.themehunk.com\/topstore\/product\/import-placeholder-for-61\/"},"modified":"2024-02-08T20:08:10","modified_gmt":"2024-02-08T19:08:10","slug":"lazos-para-mascotas","status":"publish","type":"product","link":"https:\/\/yeyepets.com\/index.php\/producto\/lazos-para-mascotas\/","title":{"rendered":"2 pares de Lazos para hembra"},"content":{"rendered":"<h5 style=\"text-align: center;\">Los lazos para perros con bandas de goma hacen que tu mascota sea el centro de atenci\u00f3n en todos los d\u00edas, es una decoraci\u00f3n interesante para tu mascota en bodas, fiestas y otras ocasiones alegres, es adecuado para perros, gatos, cerdos y otros animales peque\u00f1os y lindos para hacerse popular entre la multitud.<\/h5>\n<p>No importa si caminas afuera, participa en bodas, competiciones o fiestas de vacaciones, puedes vestir a tu mascota con los lazos de aseo para perros. Un buen regalo de cumplea\u00f1os para familiares o amigos que mantienen mascotas. lazos para hembra<\/p>\n","protected":false},"excerpt":{"rendered":"<h4 id=\"title\" class=\"a-size-large a-spacing-none\" style=\"text-align: center;\"><span id=\"productTitle\" class=\"a-size-large product-title-word-break\">Lazos para hembra, accesorios para el pelo de perros a granel con bandas de goma de 1.37 x 0.98 pulgadas, lazos hechos a mano.\u00a0<\/span><\/h4>\n","protected":false},"featured_media":531,"comment_status":"open","ping_status":"closed","template":"","meta":[],"product_cat":[59,58,34,37],"product_tag":[31,19],"_links":{"self":[{"href":"https:\/\/yeyepets.com\/index.php\/wp-json\/wp\/v2\/product\/125"}],"collection":[{"href":"https:\/\/yeyepets.com\/index.php\/wp-json\/wp\/v2\/product"}],"about":[{"href":"https:\/\/yeyepets.com\/index.php\/wp-json\/wp\/v2\/types\/product"}],"replies":[{"embeddable":true,"href":"https:\/\/yeyepets.com\/index.php\/wp-json\/wp\/v2\/comments?post=125"}],"wp:featuredmedia":[{"embeddable":true,"href":"https:\/\/yeyepets.com\/index.php\/wp-json\/wp\/v2\/media\/531"}],"wp:attachment":[{"href":"https:\/\/yeyepets.com\/index.php\/wp-json\/wp\/v2\/media?parent=125"}],"wp:term":[{"taxonomy":"product_cat","embeddable":true,"href":"https:\/\/yeyepets.com\/index.php\/wp-json\/wp\/v2\/product_cat?post=125"},{"taxonomy":"product_tag","embeddable":true,"href":"https:\/\/yeyepets.com\/index.php\/wp-json\/wp\/v2\/product_tag?post=125"}],"curies":[{"name":"wp","href":"https:\/\/api.w.org\/{rel}","templated":true}]}}