{"id":126,"date":"2020-07-23T07:15:20","date_gmt":"2020-07-23T07:15:20","guid":{"rendered":"https:\/\/wpthemes.themehunk.com\/topstore\/product\/import-placeholder-for-63\/"},"modified":"2024-02-08T19:32:03","modified_gmt":"2024-02-08T18:32:03","slug":"fuente-de-agua-para-gatos-de-acero-inoxidable","status":"publish","type":"product","link":"https:\/\/yeyepets.com\/index.php\/producto\/fuente-de-agua-para-gatos-de-acero-inoxidable\/","title":{"rendered":"Fuente de agua para gatos de acero inoxidable"},"content":{"rendered":"<h4 style=\"text-align: center;\"><strong><span class=\"a-list-item\">Gran capacidad de 135 onzas\/4 litros y suficiente espacio para beber: la fuente de agua para gatos SIBAYS de 4 litros est\u00e1 dise\u00f1ada para perros, dos gatos y m\u00faltiples mascotas. El volumen de agua de 4 litros est\u00e1 disponible para soportar dos gatos durante 7 d\u00edas, lo que reduce los tiempos de llenado de agua. El agua se enrolla autom\u00e1ticamente, atrayendo a las mascotas a beber. Si tienes varias mascotas, el espacio de bebida cuadrado inferior para mascotas es suficiente para que los gatos y perros compartan la bebida.<\/span><\/strong><\/h4>\n","protected":false},"excerpt":{"rendered":"<h4 id=\"title\" class=\"a-size-large a-spacing-none\" style=\"text-align: center;\"><span id=\"productTitle\" class=\"a-size-large product-title-word-break\">SIBAYS Fuente de agua para gatos y perros de acero inoxidable de 135 onzas, 4 L, filtro de 4 capas y recordatorio de agua LED.<\/span><\/h4>\n","protected":false},"featured_media":388,"comment_status":"open","ping_status":"closed","template":"","meta":[],"product_cat":[36,30],"product_tag":[29],"_links":{"self":[{"href":"https:\/\/yeyepets.com\/index.php\/wp-json\/wp\/v2\/product\/126"}],"collection":[{"href":"https:\/\/yeyepets.com\/index.php\/wp-json\/wp\/v2\/product"}],"about":[{"href":"https:\/\/yeyepets.com\/index.php\/wp-json\/wp\/v2\/types\/product"}],"replies":[{"embeddable":true,"href":"https:\/\/yeyepets.com\/index.php\/wp-json\/wp\/v2\/comments?post=126"}],"wp:featuredmedia":[{"embeddable":true,"href":"https:\/\/yeyepets.com\/index.php\/wp-json\/wp\/v2\/media\/388"}],"wp:attachment":[{"href":"https:\/\/yeyepets.com\/index.php\/wp-json\/wp\/v2\/media?parent=126"}],"wp:term":[{"taxonomy":"product_cat","embeddable":true,"href":"https:\/\/yeyepets.com\/index.php\/wp-json\/wp\/v2\/product_cat?post=126"},{"taxonomy":"product_tag","embeddable":true,"href":"https:\/\/yeyepets.com\/index.php\/wp-json\/wp\/v2\/product_tag?post=126"}],"curies":[{"name":"wp","href":"https:\/\/api.w.org\/{rel}","templated":true}]}}