{"id":511,"date":"2023-11-11T23:28:18","date_gmt":"2023-11-11T22:28:18","guid":{"rendered":"https:\/\/yeyepets.com\/?post_type=product&#038;p=511"},"modified":"2024-02-08T19:55:49","modified_gmt":"2024-02-08T18:55:49","slug":"ropa-de-navidad-para-mascotas-disfraz-de-papa-noel","status":"publish","type":"product","link":"https:\/\/yeyepets.com\/index.php\/producto\/ropa-de-navidad-para-mascotas-disfraz-de-papa-noel\/","title":{"rendered":"Ropa de navidad para mascotas, disfraz de Pap\u00e1 Noel"},"content":{"rendered":"<h1 id=\"title\" class=\"a-size-large a-spacing-none\"><span id=\"productTitle\" class=\"a-size-large product-title-word-break\">Ropa de navidad para mascotas, disfraz de Pap\u00e1 Noel<\/span><\/h1>\n","protected":false},"excerpt":{"rendered":"<p><span class=\"a-list-item\">C\u00f3modo y ajustable: dise\u00f1ado con cierre de velcro antiadherente para el pelo del perro, f\u00e1cil de poner y quitar. El velcro se puede ajustar de acuerdo con el tama\u00f1o de la mascota, lo que garantiza que el perro se sienta m\u00e1s c\u00f3modo y acogedor.<\/span><\/p>\n","protected":false},"featured_media":514,"comment_status":"open","ping_status":"closed","template":"","meta":[],"product_cat":[36],"product_tag":[35,41,44],"_links":{"self":[{"href":"https:\/\/yeyepets.com\/index.php\/wp-json\/wp\/v2\/product\/511"}],"collection":[{"href":"https:\/\/yeyepets.com\/index.php\/wp-json\/wp\/v2\/product"}],"about":[{"href":"https:\/\/yeyepets.com\/index.php\/wp-json\/wp\/v2\/types\/product"}],"replies":[{"embeddable":true,"href":"https:\/\/yeyepets.com\/index.php\/wp-json\/wp\/v2\/comments?post=511"}],"wp:featuredmedia":[{"embeddable":true,"href":"https:\/\/yeyepets.com\/index.php\/wp-json\/wp\/v2\/media\/514"}],"wp:attachment":[{"href":"https:\/\/yeyepets.com\/index.php\/wp-json\/wp\/v2\/media?parent=511"}],"wp:term":[{"taxonomy":"product_cat","embeddable":true,"href":"https:\/\/yeyepets.com\/index.php\/wp-json\/wp\/v2\/product_cat?post=511"},{"taxonomy":"product_tag","embeddable":true,"href":"https:\/\/yeyepets.com\/index.php\/wp-json\/wp\/v2\/product_tag?post=511"}],"curies":[{"name":"wp","href":"https:\/\/api.w.org\/{rel}","templated":true}]}}