{"id":552,"date":"2023-11-13T04:25:37","date_gmt":"2023-11-13T03:25:37","guid":{"rendered":"https:\/\/yeyepets.com\/?post_type=product&#038;p=552"},"modified":"2024-02-08T18:43:35","modified_gmt":"2024-02-08T17:43:35","slug":"vestido-tropical-para-perro-con-lazos-3","status":"publish","type":"product","link":"https:\/\/yeyepets.com\/index.php\/producto\/vestido-tropical-para-perro-con-lazos-3\/","title":{"rendered":"Vestido tropical para perro con lazo"},"content":{"rendered":"<h2 id=\"title\" class=\"a-size-large a-spacing-none\"><span id=\"productTitle\" class=\"a-size-large product-title-word-break\">Vestido tropical para perro con lazo<\/span><\/h2>\n<p>\u00a1Prepara a tu peludo para el verano con nuestro fabuloso vestido tropical con lazo! \ud83c\udf3a\ud83d\udc3e Este encantador atuendo no solo mantendr\u00e1 a tu mascota fresca y c\u00f3moda en los d\u00edas calurosos, \u00a1sino que tambi\u00e9n la har\u00e1 lucir absolutamente adorable! El lazo a\u00f1ade un toque de sofisticaci\u00f3n y estilo a este look tropical. \ud83c\udf80\ud83c\udf34 No esperes m\u00e1s, nuestra palabra clave es &#8220;Vestido Tropical&#8221;. \u00a1Haz clic y consigue el outfit perfecto para tu mejor amigo peludo! \ud83c\udf1e\ud83d\udc36<\/p>\n","protected":false},"excerpt":{"rendered":"<p>Trajes tropical para perros para fiesta u ocasi\u00f3n especial. El dise\u00f1o tambi\u00e9n incorpora un adorable lazo en la parte posterior de cada atuendo, amplificando el encanto de tu mascota; la ropa para perro est\u00e1 dise\u00f1ada con un puente, y el abdomen tiene una banda el\u00e1stica, que se adapta al abdomen del perro. vestido tropical para perro<\/p>\n","protected":false},"featured_media":547,"comment_status":"open","ping_status":"closed","template":"","meta":[],"product_cat":[59,34,36],"product_tag":[35,41,44],"_links":{"self":[{"href":"https:\/\/yeyepets.com\/index.php\/wp-json\/wp\/v2\/product\/552"}],"collection":[{"href":"https:\/\/yeyepets.com\/index.php\/wp-json\/wp\/v2\/product"}],"about":[{"href":"https:\/\/yeyepets.com\/index.php\/wp-json\/wp\/v2\/types\/product"}],"replies":[{"embeddable":true,"href":"https:\/\/yeyepets.com\/index.php\/wp-json\/wp\/v2\/comments?post=552"}],"wp:featuredmedia":[{"embeddable":true,"href":"https:\/\/yeyepets.com\/index.php\/wp-json\/wp\/v2\/media\/547"}],"wp:attachment":[{"href":"https:\/\/yeyepets.com\/index.php\/wp-json\/wp\/v2\/media?parent=552"}],"wp:term":[{"taxonomy":"product_cat","embeddable":true,"href":"https:\/\/yeyepets.com\/index.php\/wp-json\/wp\/v2\/product_cat?post=552"},{"taxonomy":"product_tag","embeddable":true,"href":"https:\/\/yeyepets.com\/index.php\/wp-json\/wp\/v2\/product_tag?post=552"}],"curies":[{"name":"wp","href":"https:\/\/api.w.org\/{rel}","templated":true}]}}