{"id":554,"date":"2023-11-13T04:28:35","date_gmt":"2023-11-13T03:28:35","guid":{"rendered":"https:\/\/yeyepets.com\/?post_type=product&#038;p=554"},"modified":"2024-12-25T00:19:39","modified_gmt":"2024-12-24T23:19:39","slug":"vestido-tropical-para-perro-con-lazos-5","status":"publish","type":"product","link":"https:\/\/yeyepets.com\/index.php\/producto\/vestido-tropical-para-perro-con-lazos-5\/","title":{"rendered":"Vestido tropical para perro con lazo"},"content":{"rendered":"<h1 id=\"title\" class=\"a-size-large a-spacing-none\"><span id=\"productTitle\" class=\"a-size-large product-title-word-break\">Vestido tropical para perro con lazo<\/span><\/h1>\n<p>\u00a1Haz que tu peludo luzca como una verdadera estrella del verano con nuestro encantador vestido tropical con lazo! \ud83c\udf34\ud83c\udf80 Dise\u00f1ado para hacer que tu perro se vea y se sienta fresco y elegante en cualquier ocasi\u00f3n bajo el sol. \u00a1Con estampados vibrantes y un lazo adorable, ser\u00e1 el centro de atenci\u00f3n en cada salida! \ud83d\udc3e\ud83c\udf3a<\/p>\n<p>\u00a1Dale a tu peludo un look tropical con nuestro encantador vestido para perro con lazo! \ud83c\udf3a\ud83d\udc3e Dise\u00f1ado con los estampados m\u00e1s vibrantes y un lazo coqueto, este vestido es la combinaci\u00f3n perfecta de frescura y elegancia para tu mascota. \u00a1Haz que tu peludo luzca como una verdadera estrella del verano en cualquier ocasi\u00f3n! \ud83c\udf1e\ud83d\udc36 No busques m\u00e1s, nuestra palabra clave es: &#8220;Vestido Tropical&#8221;. \u00a1Haz clic y dale a tu peludo el look perfecto para la temporada! \ud83c\udf80\ud83d\udc3e<\/p>\n<p>&nbsp;<\/p>\n","protected":false},"excerpt":{"rendered":"<p>Trajes tropical para perros para fiesta o ocasi\u00f3n especial. El dise\u00f1o tambi\u00e9n incorpora un adorable lazo en la parte posterior de cada atuendo, amplificando el encanto de tu mascota; la ropa para perro est\u00e1 dise\u00f1ada con un puente, y el abdomen tiene una banda el\u00e1stica, que se adapta al abdomen del perro. vestido tropical para perro<\/p>\n","protected":false},"featured_media":545,"comment_status":"open","ping_status":"closed","template":"","meta":[],"product_cat":[59,34,36],"product_tag":[35,41,44],"_links":{"self":[{"href":"https:\/\/yeyepets.com\/index.php\/wp-json\/wp\/v2\/product\/554"}],"collection":[{"href":"https:\/\/yeyepets.com\/index.php\/wp-json\/wp\/v2\/product"}],"about":[{"href":"https:\/\/yeyepets.com\/index.php\/wp-json\/wp\/v2\/types\/product"}],"replies":[{"embeddable":true,"href":"https:\/\/yeyepets.com\/index.php\/wp-json\/wp\/v2\/comments?post=554"}],"wp:featuredmedia":[{"embeddable":true,"href":"https:\/\/yeyepets.com\/index.php\/wp-json\/wp\/v2\/media\/545"}],"wp:attachment":[{"href":"https:\/\/yeyepets.com\/index.php\/wp-json\/wp\/v2\/media?parent=554"}],"wp:term":[{"taxonomy":"product_cat","embeddable":true,"href":"https:\/\/yeyepets.com\/index.php\/wp-json\/wp\/v2\/product_cat?post=554"},{"taxonomy":"product_tag","embeddable":true,"href":"https:\/\/yeyepets.com\/index.php\/wp-json\/wp\/v2\/product_tag?post=554"}],"curies":[{"name":"wp","href":"https:\/\/api.w.org\/{rel}","templated":true}]}}