{"id":555,"date":"2023-11-13T05:13:59","date_gmt":"2023-11-13T04:13:59","guid":{"rendered":"https:\/\/yeyepets.com\/?post_type=product&#038;p=555"},"modified":"2024-02-08T19:53:53","modified_gmt":"2024-02-08T18:53:53","slug":"vestido-de-navidad-para-perro-con-lazos-de-navidad-para-el-pelo-de-perro-2","status":"publish","type":"product","link":"https:\/\/yeyepets.com\/index.php\/producto\/vestido-de-navidad-para-perro-con-lazos-de-navidad-para-el-pelo-de-perro-2\/","title":{"rendered":"Vestido de Navidad para perro con lazos de Navidad para el pelo de perro"},"content":{"rendered":"<h2 id=\"title\" class=\"a-size-large a-spacing-none\"><span id=\"productTitle\" class=\"a-size-large product-title-word-break\">Vestido de Navidad para perro con lazos de Navidad para el pelo de perro<\/span><\/h2>\n","protected":false},"excerpt":{"rendered":"<p>Trajes tropical para perros cuenta con un patr\u00f3n de\u00a0 hasta un copo de nieve festivo y una casa de Navidad cl\u00e1sica. El dise\u00f1o tambi\u00e9n incorpora un adorable lazo en la parte posterior de cada atuendo, amplificando el encanto de tu mascota; la ropa para perro est\u00e1 dise\u00f1ada con un puente, y el abdomen tiene una banda el\u00e1stica, que se adapta al abdomen del perro, y es conveniente para que el perro lo use y lo quite y vaya el ba\u00f1o<\/p>\n","protected":false},"featured_media":563,"comment_status":"open","ping_status":"closed","template":"","meta":[],"product_cat":[36],"product_tag":[35,41,44],"_links":{"self":[{"href":"https:\/\/yeyepets.com\/index.php\/wp-json\/wp\/v2\/product\/555"}],"collection":[{"href":"https:\/\/yeyepets.com\/index.php\/wp-json\/wp\/v2\/product"}],"about":[{"href":"https:\/\/yeyepets.com\/index.php\/wp-json\/wp\/v2\/types\/product"}],"replies":[{"embeddable":true,"href":"https:\/\/yeyepets.com\/index.php\/wp-json\/wp\/v2\/comments?post=555"}],"wp:featuredmedia":[{"embeddable":true,"href":"https:\/\/yeyepets.com\/index.php\/wp-json\/wp\/v2\/media\/563"}],"wp:attachment":[{"href":"https:\/\/yeyepets.com\/index.php\/wp-json\/wp\/v2\/media?parent=555"}],"wp:term":[{"taxonomy":"product_cat","embeddable":true,"href":"https:\/\/yeyepets.com\/index.php\/wp-json\/wp\/v2\/product_cat?post=555"},{"taxonomy":"product_tag","embeddable":true,"href":"https:\/\/yeyepets.com\/index.php\/wp-json\/wp\/v2\/product_tag?post=555"}],"curies":[{"name":"wp","href":"https:\/\/api.w.org\/{rel}","templated":true}]}}