{"id":564,"date":"2023-11-13T05:20:32","date_gmt":"2023-11-13T04:20:32","guid":{"rendered":"https:\/\/yeyepets.com\/?post_type=product&#038;p=564"},"modified":"2024-02-08T19:53:04","modified_gmt":"2024-02-08T18:53:04","slug":"vestido-verde-de-navidad-para-perro","status":"publish","type":"product","link":"https:\/\/yeyepets.com\/index.php\/producto\/vestido-verde-de-navidad-para-perro\/","title":{"rendered":"Vestido de Navidad color verde para perro con lazos"},"content":{"rendered":"<h2 id=\"title\" class=\"a-size-large a-spacing-none\"><span id=\"productTitle\" class=\"a-size-large product-title-word-break\">Vestido de Navidad para perro +lazos de Navidad para el pelo de perro<\/span><\/h2>\n<ul>\n<li class=\"a-spacing-mini\"><span class=\"a-list-item\">Diversos usos para varias ocasiones: estos trajes de Navidad color verde\u00a0 para perros peque\u00f1os se adaptan a perros peque\u00f1os y medianos; son ideales para numerosos eventos, incluyendo fiestas de Navidad, festividades o incluso como uso diario; adem\u00e1s, estos trajes son adecuados para espect\u00e1culos de disfraces de mascotas, escuelas de mascotas o cualquier otro evento especial<\/span><\/li>\n<li class=\"a-spacing-mini\"><span class=\"a-list-item\">Tela sedosa y agradable a la piel: compuesto de tela de seda de leche de calidad, los vestidos para perros peque\u00f1os tienen una textura suave y lisa; esta caracter\u00edstica garantiza que el material no irrita la piel de tu mascota mientras que tambi\u00e9n es confiable y resistente a la decoloraci\u00f3n del color<\/span><\/li>\n<li><\/li>\n<\/ul>\n","protected":false},"excerpt":{"rendered":"<ul class=\"a-unordered-list a-vertical a-spacing-mini\">\n<li class=\"a-spacing-mini\"><span class=\"a-list-item\">Diversos usos para varias ocasiones: estos trajes de Navidad color verde para perros peque\u00f1os se adaptan a perros peque\u00f1os y medianos; son ideales para numerosos eventos, incluyendo fiestas de Navidad, festividades o incluso como uso diario; adem\u00e1s, estos trajes son adecuados para espect\u00e1culos de disfraces de mascotas, escuelas de mascotas o cualquier otro evento especial<\/span><\/li>\n<\/ul>\n","protected":false},"featured_media":562,"comment_status":"open","ping_status":"closed","template":"","meta":[],"product_cat":[36],"product_tag":[35,41,44],"_links":{"self":[{"href":"https:\/\/yeyepets.com\/index.php\/wp-json\/wp\/v2\/product\/564"}],"collection":[{"href":"https:\/\/yeyepets.com\/index.php\/wp-json\/wp\/v2\/product"}],"about":[{"href":"https:\/\/yeyepets.com\/index.php\/wp-json\/wp\/v2\/types\/product"}],"replies":[{"embeddable":true,"href":"https:\/\/yeyepets.com\/index.php\/wp-json\/wp\/v2\/comments?post=564"}],"wp:featuredmedia":[{"embeddable":true,"href":"https:\/\/yeyepets.com\/index.php\/wp-json\/wp\/v2\/media\/562"}],"wp:attachment":[{"href":"https:\/\/yeyepets.com\/index.php\/wp-json\/wp\/v2\/media?parent=564"}],"wp:term":[{"taxonomy":"product_cat","embeddable":true,"href":"https:\/\/yeyepets.com\/index.php\/wp-json\/wp\/v2\/product_cat?post=564"},{"taxonomy":"product_tag","embeddable":true,"href":"https:\/\/yeyepets.com\/index.php\/wp-json\/wp\/v2\/product_tag?post=564"}],"curies":[{"name":"wp","href":"https:\/\/api.w.org\/{rel}","templated":true}]}}