{"id":568,"date":"2023-11-13T05:24:09","date_gmt":"2023-11-13T04:24:09","guid":{"rendered":"https:\/\/yeyepets.com\/?post_type=product&#038;p=568"},"modified":"2024-02-08T19:54:52","modified_gmt":"2024-02-08T18:54:52","slug":"vestido-de-navidad-para-perro-con-lazos-de-navidad-para-el-pelo-de-perro-7","status":"publish","type":"product","link":"https:\/\/yeyepets.com\/index.php\/producto\/vestido-de-navidad-para-perro-con-lazos-de-navidad-para-el-pelo-de-perro-7\/","title":{"rendered":"Vestido de Navidad para perro con lazos"},"content":{"rendered":"<h2 id=\"title\" class=\"a-size-large a-spacing-none\"><span id=\"productTitle\" class=\"a-size-large product-title-word-break\">Vestido de Navidad para perro con lazos\u00a0<\/span><\/h2>\n<ul>\n<li>Nuevos vestidos de navidad con lazos para temporada de fin de a\u00f1o cuenta con un patr\u00f3n de\u00a0 hasta un copo de nieve festivo y una casa de Navidad cl\u00e1sica. El dise\u00f1o tambi\u00e9n incorpora un adorable lazo en la parte posterior de cada atuendo, amplificando el encanto de tu mascota; la ropa para perro est\u00e1 dise\u00f1ada con un puente, y el abdomen tiene una banda el\u00e1stica, que se adapta al abdomen del perro, y es conveniente para que el perro lo use y lo quite y vaya el ba\u00f1o.<\/li>\n<\/ul>\n<ul class=\"a-unordered-list a-vertical a-spacing-mini\">\n<li class=\"a-spacing-mini\"><span class=\"a-list-item\">Tama\u00f1o adecuado: los trajes de perro para perros peque\u00f1os vienen en el tama\u00f1o peque\u00f1o; las faldas sin mangas tienen una cintura y cuello el\u00e1sticos, proporcionando espacio para estiramiento y un ajuste c\u00f3modo. Nota: nuestras tallas solo son adecuadas para mascotas peque\u00f1as, no para perros grandes, para tu buena experiencia de compra, comprueba cuidadosamente el tama\u00f1o real de la mascota antes de comprar, y sigue la tabla de tallas recomendada para comprar el tama\u00f1o correcto<\/span><\/li>\n<\/ul>\n","protected":false},"excerpt":{"rendered":"<p>Trajes tropical para perros cuenta con un patr\u00f3n de\u00a0 hasta un copo de nieve festivo y una casa de Navidad cl\u00e1sica. El dise\u00f1o tambi\u00e9n incorpora un adorable lazo en la parte posterior de cada atuendo, amplificando el encanto de tu mascota; la ropa para perro est\u00e1 dise\u00f1ada con un puente, y el abdomen tiene una banda el\u00e1stica, que se adapta al abdomen del perro, y es conveniente para que el perro lo use y lo quite y vaya el ba\u00f1o<\/p>\n","protected":false},"featured_media":557,"comment_status":"open","ping_status":"closed","template":"","meta":[],"product_cat":[36],"product_tag":[35,41,44],"_links":{"self":[{"href":"https:\/\/yeyepets.com\/index.php\/wp-json\/wp\/v2\/product\/568"}],"collection":[{"href":"https:\/\/yeyepets.com\/index.php\/wp-json\/wp\/v2\/product"}],"about":[{"href":"https:\/\/yeyepets.com\/index.php\/wp-json\/wp\/v2\/types\/product"}],"replies":[{"embeddable":true,"href":"https:\/\/yeyepets.com\/index.php\/wp-json\/wp\/v2\/comments?post=568"}],"wp:featuredmedia":[{"embeddable":true,"href":"https:\/\/yeyepets.com\/index.php\/wp-json\/wp\/v2\/media\/557"}],"wp:attachment":[{"href":"https:\/\/yeyepets.com\/index.php\/wp-json\/wp\/v2\/media?parent=568"}],"wp:term":[{"taxonomy":"product_cat","embeddable":true,"href":"https:\/\/yeyepets.com\/index.php\/wp-json\/wp\/v2\/product_cat?post=568"},{"taxonomy":"product_tag","embeddable":true,"href":"https:\/\/yeyepets.com\/index.php\/wp-json\/wp\/v2\/product_tag?post=568"}],"curies":[{"name":"wp","href":"https:\/\/api.w.org\/{rel}","templated":true}]}}