{"id":593,"date":"2023-11-14T01:32:37","date_gmt":"2023-11-14T00:32:37","guid":{"rendered":"https:\/\/yeyepets.com\/?post_type=product&#038;p=593"},"modified":"2023-12-13T02:12:36","modified_gmt":"2023-12-13T01:12:36","slug":"kit-para-fiesta-de-cumpleanos-para-perros-azul","status":"publish","type":"product","link":"https:\/\/yeyepets.com\/index.php\/producto\/kit-para-fiesta-de-cumpleanos-para-perros-azul\/","title":{"rendered":"Kit para fiesta de cumplea\u00f1os de perros"},"content":{"rendered":"<h2 id=\"title\" class=\"a-size-large a-spacing-none\"><span id=\"productTitle\" class=\"a-size-large product-title-word-break\">Kit para hacerle la mejor de las fiestas a tu hij0 perruno.<\/span><\/h2>\n<ul>\n<li>El primer cumplea\u00f1os de un perro es muy importante. El traje de regalo de cumplea\u00f1os para perro incluye 2 pa\u00f1uelos de cumplea\u00f1os, 1 sombrero de cumplea\u00f1os, 1 pancarta de cumplea\u00f1os, 1 corbat\u00edn, 10 calcoman\u00edas, 4 globos rosas, 8 globos, 1 tarjeta de cumplea\u00f1os y 20 viscosas de globos. Estas decoraciones de fiesta de cumplea\u00f1os har\u00e1n que tu perro se vea lindo y hermoso en fiestas de cumplea\u00f1os<\/li>\n<\/ul>\n","protected":false},"excerpt":{"rendered":"<p>El primer cumplea\u00f1os de un perro es muy importante. El traje de regalo de cumplea\u00f1os para perro incluye 2 pa\u00f1uelos de cumplea\u00f1os, 1 sombrero de cumplea\u00f1os, 1 pancarta de cumplea\u00f1os, 1 corbat\u00edn, 10 calcoman\u00edas, 4 globos rosas, 8 globos, 1 tarjeta de cumplea\u00f1os y 20 viscosas de globos. Estas decoraciones de fiesta de cumplea\u00f1os har\u00e1n que tu perro se vea lindo y hermoso en fiestas de cumplea\u00f1os<\/p>\n","protected":false},"featured_media":594,"comment_status":"open","ping_status":"closed","template":"","meta":[],"product_cat":[18],"product_tag":[35,41,44],"_links":{"self":[{"href":"https:\/\/yeyepets.com\/index.php\/wp-json\/wp\/v2\/product\/593"}],"collection":[{"href":"https:\/\/yeyepets.com\/index.php\/wp-json\/wp\/v2\/product"}],"about":[{"href":"https:\/\/yeyepets.com\/index.php\/wp-json\/wp\/v2\/types\/product"}],"replies":[{"embeddable":true,"href":"https:\/\/yeyepets.com\/index.php\/wp-json\/wp\/v2\/comments?post=593"}],"wp:featuredmedia":[{"embeddable":true,"href":"https:\/\/yeyepets.com\/index.php\/wp-json\/wp\/v2\/media\/594"}],"wp:attachment":[{"href":"https:\/\/yeyepets.com\/index.php\/wp-json\/wp\/v2\/media?parent=593"}],"wp:term":[{"taxonomy":"product_cat","embeddable":true,"href":"https:\/\/yeyepets.com\/index.php\/wp-json\/wp\/v2\/product_cat?post=593"},{"taxonomy":"product_tag","embeddable":true,"href":"https:\/\/yeyepets.com\/index.php\/wp-json\/wp\/v2\/product_tag?post=593"}],"curies":[{"name":"wp","href":"https:\/\/api.w.org\/{rel}","templated":true}]}}