{"id":617,"date":"2023-11-15T21:22:47","date_gmt":"2023-11-15T20:22:47","guid":{"rendered":"https:\/\/yeyepets.com\/?post_type=product&#038;p=617"},"modified":"2025-02-16T07:49:40","modified_gmt":"2025-02-16T06:49:40","slug":"auriculares-con-cancelacion-de-ruido-para-perro","status":"publish","type":"product","link":"https:\/\/yeyepets.com\/index.php\/producto\/auriculares-con-cancelacion-de-ruido-para-perro\/","title":{"rendered":"Auriculares con cancelaci\u00f3n de ruido para perro"},"content":{"rendered":"<h2 id=\"title\" class=\"a-size-large a-spacing-none\">Auriculares con cancelaci\u00f3n de ruido para perro<\/h2>\n<ul class=\"a-unordered-list a-vertical a-spacing-small\">\n<li><span class=\"a-list-item a-size-base a-color-base\">Especialmente dise\u00f1adas para perros: Estos auriculares con cancelaci\u00f3n de ruido para perros , son las orejeras para perros est\u00e1n especialmente dise\u00f1adas para perros para su protecci\u00f3n auditiva, pueden reducir el ruido fuerte de truenos, tormentas el\u00e9ctricas, fuegos artificiales, aspiradoras, aviones, helic\u00f3pteros, motocicletas, disparos, etc., evitando que se pongan ansiosos y los protegen de los efectos del ruido, \u00fatil y pr\u00e1ctico.<\/span><\/li>\n<li><span class=\"a-list-item a-size-base a-color-base\">Materiales de calidad: hechas de algod\u00f3n aislante de sonido de calidad y materiales ABS duraderos, nuestras orejeras insonorizadas para perros son una soluci\u00f3n adecuada para proteger las orejas de tu perro; estas orejeras suaves, c\u00f3modas y resistentes pueden soportar la prueba del tiempo, proporcionando a tu precioso perro una experiencia duradera<\/span><\/li>\n<li><span class=\"a-list-item a-size-base a-color-base\">Dise\u00f1o efectivo: la audici\u00f3n de los perros es significativamente m\u00e1s sensible que los humanos, lo que los hace m\u00e1s susceptibles a ruidos fuertes que pueden causar estr\u00e9s y ansiedad; nuestras orejeras para perros pueden atenuar eficazmente los ruidos fuertes, reduciendo el sonido hasta 25 dB, esto garantiza que tu perro pueda jugar e interactuar contigo en un ambiente m\u00e1s c\u00f3modo y seguro<\/span><\/li>\n<li><span class=\"a-list-item a-size-base a-color-base\">Pr\u00e1cticas y pr\u00e1cticas: entendemos lo importante que es la salud de tu perro; por eso nuestras orejeras para perro est\u00e1n dise\u00f1adas para aislar eficazmente el ruido y controlar el sonido, reduci\u00e9ndolo a 25 dB silenciosos; con estos auriculares con cancelaci\u00f3n de ruido para perros, tu perro puede disfrutar del tiempo de juego sin estr\u00e9s innecesario mientras garantiza la comodidad de tu mascota.<\/span><\/li>\n<li><\/li>\n<\/ul>\n<p>&nbsp;<\/p>\n","protected":false},"excerpt":{"rendered":"<p>Nuestras orejeras para perros son incre\u00edblemente \u00fatiles en entornos diversos y ruidosos; ya sea durante fuegos artificiales, celebraciones, tormentas el\u00e9ctricas o cerca de helic\u00f3pteros ruidosos, estas orejeras mantendr\u00e1n eficazmente la audici\u00f3n de tu perro lejos de posibles da\u00f1os<\/p>\n","protected":false},"featured_media":619,"comment_status":"open","ping_status":"closed","template":"","meta":[],"product_cat":[23,34,36],"product_tag":[35,41,44],"_links":{"self":[{"href":"https:\/\/yeyepets.com\/index.php\/wp-json\/wp\/v2\/product\/617"}],"collection":[{"href":"https:\/\/yeyepets.com\/index.php\/wp-json\/wp\/v2\/product"}],"about":[{"href":"https:\/\/yeyepets.com\/index.php\/wp-json\/wp\/v2\/types\/product"}],"replies":[{"embeddable":true,"href":"https:\/\/yeyepets.com\/index.php\/wp-json\/wp\/v2\/comments?post=617"}],"wp:featuredmedia":[{"embeddable":true,"href":"https:\/\/yeyepets.com\/index.php\/wp-json\/wp\/v2\/media\/619"}],"wp:attachment":[{"href":"https:\/\/yeyepets.com\/index.php\/wp-json\/wp\/v2\/media?parent=617"}],"wp:term":[{"taxonomy":"product_cat","embeddable":true,"href":"https:\/\/yeyepets.com\/index.php\/wp-json\/wp\/v2\/product_cat?post=617"},{"taxonomy":"product_tag","embeddable":true,"href":"https:\/\/yeyepets.com\/index.php\/wp-json\/wp\/v2\/product_tag?post=617"}],"curies":[{"name":"wp","href":"https:\/\/api.w.org\/{rel}","templated":true}]}}