{"id":715,"date":"2024-02-08T21:38:17","date_gmt":"2024-02-08T20:38:17","guid":{"rendered":"https:\/\/yeyepets.com\/?post_type=product&#038;p=715"},"modified":"2024-02-08T21:38:17","modified_gmt":"2024-02-08T20:38:17","slug":"camisas-tropicales-con-gorra-para-perro-2","status":"publish","type":"product","link":"https:\/\/yeyepets.com\/index.php\/producto\/camisas-tropicales-con-gorra-para-perro-2\/","title":{"rendered":"Camisas tropicales con gorra para perro"},"content":{"rendered":"<p>\u00a1Haz que tu peludo destaque bajo el sol con nuestro incre\u00edble d\u00fao de camisa tropical y gorra! \ud83c\udf1e\ud83c\udf34\ud83d\udc3e Prep\u00e1rate para el verano con estilo y frescura para tu mejor amigo de cuatro patas. Nuestra colecci\u00f3n ofrece colores vibrantes y estampados tropicales que har\u00e1n que tu peludo luzca genial en cada salida. \u00a1No dejes pasar esta oportunidad de darle a tu mascota el look perfecto para la temporada! \ud83d\udc36\ud83e\udde2camisas tropical<\/p>\n<p>&nbsp;<\/p>\n","protected":false},"excerpt":{"rendered":"<p>\u00a1Prep\u00e1rate para dar la bienvenida al verano con estilo tropical para tu peludo! \ud83c\udf1e\ud83c\udf34\ud83d\udc3e Presentamos nuestro d\u00fao din\u00e1mico: \u00a1camisa tropical y gorra a juego para perros! \ud83d\udc36\ud83c\udf3a Dale a tu mejor amigo el look perfecto para disfrutar del sol con nuestra colecci\u00f3n fresca y vibrante. \u00a1Haz que cada paseo sea una aventura tropical! \ud83c\udfdd\ufe0f\ud83e\udde2 No esperes m\u00e1s, \u00a1haz que tu peludo luzca genial esta temporada! \ud83c\udf1e\ud83d\udc3eCamisa tropical<\/p>\n","protected":false},"featured_media":716,"comment_status":"open","ping_status":"closed","template":"","meta":[],"product_cat":[79,23,34,60],"product_tag":[],"_links":{"self":[{"href":"https:\/\/yeyepets.com\/index.php\/wp-json\/wp\/v2\/product\/715"}],"collection":[{"href":"https:\/\/yeyepets.com\/index.php\/wp-json\/wp\/v2\/product"}],"about":[{"href":"https:\/\/yeyepets.com\/index.php\/wp-json\/wp\/v2\/types\/product"}],"replies":[{"embeddable":true,"href":"https:\/\/yeyepets.com\/index.php\/wp-json\/wp\/v2\/comments?post=715"}],"wp:featuredmedia":[{"embeddable":true,"href":"https:\/\/yeyepets.com\/index.php\/wp-json\/wp\/v2\/media\/716"}],"wp:attachment":[{"href":"https:\/\/yeyepets.com\/index.php\/wp-json\/wp\/v2\/media?parent=715"}],"wp:term":[{"taxonomy":"product_cat","embeddable":true,"href":"https:\/\/yeyepets.com\/index.php\/wp-json\/wp\/v2\/product_cat?post=715"},{"taxonomy":"product_tag","embeddable":true,"href":"https:\/\/yeyepets.com\/index.php\/wp-json\/wp\/v2\/product_tag?post=715"}],"curies":[{"name":"wp","href":"https:\/\/api.w.org\/{rel}","templated":true}]}}