{"id":757,"date":"2024-12-28T18:28:49","date_gmt":"2024-12-28T17:28:49","guid":{"rendered":"https:\/\/yeyepets.com\/?post_type=product&#038;p=757"},"modified":"2024-12-28T18:28:49","modified_gmt":"2024-12-28T17:28:49","slug":"camisas-tropicales-para-macho","status":"publish","type":"product","link":"https:\/\/yeyepets.com\/index.php\/producto\/camisas-tropicales-para-macho\/","title":{"rendered":"Camisas Tropicales para macho"},"content":{"rendered":"<h2>Estilo Tropical para Tu Mascota<\/h2>\n<p>\u00bfBuscas una manera de que tu perro macho luzca incre\u00edble este verano? Nuestras <strong>camisas tropicales para perro macho<\/strong> son la elecci\u00f3n perfecta. Con estampados vibrantes y dise\u00f1os frescos, tu mascota se convertir\u00e1 en el centro de atenci\u00f3n mientras disfruta del sol.<\/p>\n<h2>Dise\u00f1os Frescos y C\u00f3modos<\/h2>\n<p>Cada camisa est\u00e1 dise\u00f1ada pensando en la comodidad de tu peludo amigo. Desde patrones coloridos hasta materiales ligeros, garantizamos que tu perro est\u00e9 fresco y feliz en cada aventura.<\/p>\n<h2>Haz Que Este Verano Sea Inolvidable<\/h2>\n<p>Viste a tu mejor amigo canino con nuestras camisas tropicales y haz que cada momento bajo el sol sea especial. \u00a1Transforma el verano en una experiencia memorable para ambos!<\/p>\n","protected":false},"excerpt":{"rendered":"<p>Estilo Tropical para Tu Mascota \u00bfBuscas una manera de que tu perro macho luzca incre\u00edble este verano? Nuestras camisas tropicales para perro macho son la elecci\u00f3n perfecta. Con estampados vibrantes y dise\u00f1os frescos, tu mascota se convertir\u00e1 en el centro de atenci\u00f3n mientras disfruta del sol. Dise\u00f1os Frescos y C\u00f3modos Cada camisa est\u00e1 dise\u00f1ada pensando &hellip;<\/p>\n<p class=\"read-more\"> <a class=\" thunk-readmore button \" href=\"https:\/\/yeyepets.com\/index.php\/producto\/camisas-tropicales-para-macho\/\"> <span class=\"screen-reader-text\">Camisas Tropicales para macho<\/span>Leer m\u00e1s<\/a><\/p>\n","protected":false},"featured_media":758,"comment_status":"open","ping_status":"closed","template":"","meta":[],"product_cat":[23,79,34,60],"product_tag":[],"_links":{"self":[{"href":"https:\/\/yeyepets.com\/index.php\/wp-json\/wp\/v2\/product\/757"}],"collection":[{"href":"https:\/\/yeyepets.com\/index.php\/wp-json\/wp\/v2\/product"}],"about":[{"href":"https:\/\/yeyepets.com\/index.php\/wp-json\/wp\/v2\/types\/product"}],"replies":[{"embeddable":true,"href":"https:\/\/yeyepets.com\/index.php\/wp-json\/wp\/v2\/comments?post=757"}],"wp:featuredmedia":[{"embeddable":true,"href":"https:\/\/yeyepets.com\/index.php\/wp-json\/wp\/v2\/media\/758"}],"wp:attachment":[{"href":"https:\/\/yeyepets.com\/index.php\/wp-json\/wp\/v2\/media?parent=757"}],"wp:term":[{"taxonomy":"product_cat","embeddable":true,"href":"https:\/\/yeyepets.com\/index.php\/wp-json\/wp\/v2\/product_cat?post=757"},{"taxonomy":"product_tag","embeddable":true,"href":"https:\/\/yeyepets.com\/index.php\/wp-json\/wp\/v2\/product_tag?post=757"}],"curies":[{"name":"wp","href":"https:\/\/api.w.org\/{rel}","templated":true}]}}