{"id":759,"date":"2024-12-28T18:46:41","date_gmt":"2024-12-28T17:46:41","guid":{"rendered":"https:\/\/yeyepets.com\/?post_type=product&#038;p=759"},"modified":"2024-12-28T19:02:56","modified_gmt":"2024-12-28T18:02:56","slug":"sombreo-de-sol-para-mascota","status":"publish","type":"product","link":"https:\/\/yeyepets.com\/index.php\/producto\/sombreo-de-sol-para-mascota\/","title":{"rendered":"Sombreo de sol para mascota"},"content":{"rendered":"<h2>La Protecci\u00f3n Solar es Clave<\/h2>\n<p>A medida que se acerca el verano, la protecci\u00f3n solar para tu mascota se vuelve esencial. Las altas temperaturas pueden ser perjudiciales para su salud, y un sombrero de sol para mascota puede marcar la diferencia. Este accesorio no solo ofrece sombra, sino que tambi\u00e9n agrega un toque de estilo a su look.<\/p>\n<h2>Estilo y Comodidad<\/h2>\n<p>Nuestra gorra de sol ideal para perros est\u00e1 dise\u00f1ada para proporcionar comodidad y frescura. Hecha de materiales ligeros, es perfecta para paseos bajo el sol. Tu amigo peludo lucir\u00e1 fabuloso mientras se protege del calor. \u00a1Es un ganar-ganar!<\/p>\n<h2>Consigue la Tuya Ahora<\/h2>\n<p>No esperes m\u00e1s para asegurarte de que tu mascota est\u00e9 lista para disfrutar del verano. Consigue ahora la gorra de sol que no solo mantendr\u00e1 a tu peludo consentido seguro, sino que tambi\u00e9n lo har\u00e1 lucir encantador. \u00a1Haz que este verano sea inolvidable!<\/p>\n","protected":false},"excerpt":{"rendered":"<p>La Protecci\u00f3n Solar es Clave A medida que se acerca el verano, la protecci\u00f3n solar para tu mascota se vuelve esencial. Las altas temperaturas pueden ser perjudiciales para su salud, y un sombrero de sol para mascota puede marcar la diferencia. Este accesorio no solo ofrece sombra, sino que tambi\u00e9n agrega un toque de estilo &hellip;<\/p>\n<p class=\"read-more\"> <a class=\" thunk-readmore button \" href=\"https:\/\/yeyepets.com\/index.php\/producto\/sombreo-de-sol-para-mascota\/\"> <span class=\"screen-reader-text\">Sombreo de sol para mascota<\/span>Leer m\u00e1s<\/a><\/p>\n","protected":false},"featured_media":760,"comment_status":"open","ping_status":"closed","template":"","meta":[],"product_cat":[37,18,79,59,34,36],"product_tag":[],"_links":{"self":[{"href":"https:\/\/yeyepets.com\/index.php\/wp-json\/wp\/v2\/product\/759"}],"collection":[{"href":"https:\/\/yeyepets.com\/index.php\/wp-json\/wp\/v2\/product"}],"about":[{"href":"https:\/\/yeyepets.com\/index.php\/wp-json\/wp\/v2\/types\/product"}],"replies":[{"embeddable":true,"href":"https:\/\/yeyepets.com\/index.php\/wp-json\/wp\/v2\/comments?post=759"}],"wp:featuredmedia":[{"embeddable":true,"href":"https:\/\/yeyepets.com\/index.php\/wp-json\/wp\/v2\/media\/760"}],"wp:attachment":[{"href":"https:\/\/yeyepets.com\/index.php\/wp-json\/wp\/v2\/media?parent=759"}],"wp:term":[{"taxonomy":"product_cat","embeddable":true,"href":"https:\/\/yeyepets.com\/index.php\/wp-json\/wp\/v2\/product_cat?post=759"},{"taxonomy":"product_tag","embeddable":true,"href":"https:\/\/yeyepets.com\/index.php\/wp-json\/wp\/v2\/product_tag?post=759"}],"curies":[{"name":"wp","href":"https:\/\/api.w.org\/{rel}","templated":true}]}}