{"id":761,"date":"2024-12-28T19:33:03","date_gmt":"2024-12-28T18:33:03","guid":{"rendered":"https:\/\/yeyepets.com\/?post_type=product&#038;p=761"},"modified":"2024-12-28T19:33:04","modified_gmt":"2024-12-28T18:33:04","slug":"sombrero-de-sol-para-mascota","status":"publish","type":"product","link":"https:\/\/yeyepets.com\/index.php\/producto\/sombrero-de-sol-para-mascota\/","title":{"rendered":"sombrero de sol para mascota"},"content":{"rendered":"<h2>Gorra de sol ideal para tu peludo<\/h2>\n<p>Este verano, aseg\u00farate de que tu mejor amigo de cuatro patas est\u00e9 protegido del sol. La gorra de sol para mascotas combina estilo y funcionalidad, permitiendo que tu peludo se sienta c\u00f3modo mientras la mantiene fresca. \ud83c\udf34\ud83d\udc3e<\/p>\n<h2>Estilo y comodidad en cada uso<\/h2>\n<p>Nuestra gorra no solo es un accesorio atractivo, sino que tambi\u00e9n est\u00e1 dise\u00f1ada con materiales ligeros y transpirables. Perfecta para paseos al aire libre, garantiza que tu mascota se mantenga segura y con estilo.<\/p>\n<h2>Beneficios para tu mascota<\/h2>\n<p>Adem\u00e1s de proteger de los rayos UV, el sombrero para mascota tambi\u00e9n ayuda a prevenir golpes de calor. Dale a tu compa\u00f1ero la protecci\u00f3n que necesita para disfrutar de los d\u00edas soleados sin preocupaciones. \u00a1Cons\u00edguelo ahora y haz que cada salida sea una aventura segura!<\/p>\n","protected":false},"excerpt":{"rendered":"<p>Gorra de sol ideal para tu peludo Este verano, aseg\u00farate de que tu mejor amigo de cuatro patas est\u00e9 protegido del sol. La gorra de sol para mascotas combina estilo y funcionalidad, permitiendo que tu peludo se sienta c\u00f3modo mientras la mantiene fresca. \ud83c\udf34\ud83d\udc3e Estilo y comodidad en cada uso Nuestra gorra no solo es &hellip;<\/p>\n<p class=\"read-more\"> <a class=\" thunk-readmore button \" href=\"https:\/\/yeyepets.com\/index.php\/producto\/sombrero-de-sol-para-mascota\/\"> <span class=\"screen-reader-text\">sombrero de sol para mascota<\/span>Leer m\u00e1s<\/a><\/p>\n","protected":false},"featured_media":764,"comment_status":"open","ping_status":"closed","template":"","meta":[],"product_cat":[79,18,23,59,34,36],"product_tag":[],"_links":{"self":[{"href":"https:\/\/yeyepets.com\/index.php\/wp-json\/wp\/v2\/product\/761"}],"collection":[{"href":"https:\/\/yeyepets.com\/index.php\/wp-json\/wp\/v2\/product"}],"about":[{"href":"https:\/\/yeyepets.com\/index.php\/wp-json\/wp\/v2\/types\/product"}],"replies":[{"embeddable":true,"href":"https:\/\/yeyepets.com\/index.php\/wp-json\/wp\/v2\/comments?post=761"}],"wp:featuredmedia":[{"embeddable":true,"href":"https:\/\/yeyepets.com\/index.php\/wp-json\/wp\/v2\/media\/764"}],"wp:attachment":[{"href":"https:\/\/yeyepets.com\/index.php\/wp-json\/wp\/v2\/media?parent=761"}],"wp:term":[{"taxonomy":"product_cat","embeddable":true,"href":"https:\/\/yeyepets.com\/index.php\/wp-json\/wp\/v2\/product_cat?post=761"},{"taxonomy":"product_tag","embeddable":true,"href":"https:\/\/yeyepets.com\/index.php\/wp-json\/wp\/v2\/product_tag?post=761"}],"curies":[{"name":"wp","href":"https:\/\/api.w.org\/{rel}","templated":true}]}}